{"id":2,"date":"2015-09-22T00:45:42","date_gmt":"2015-09-21T22:45:42","guid":{"rendered":"http:\/\/ergoimpuls.ch\/?page_id=2"},"modified":"2024-12-19T20:54:09","modified_gmt":"2024-12-19T19:54:09","slug":"beispiel-seite","status":"publish","type":"page","link":"https:\/\/ergoimpuls.ch\/","title":{"rendered":"Praxis f\u00fcr Ergotherapie und Figurenspieltherapie"},"content":{"rendered":"<p><em>&#8222;Unsere W\u00fcnsche sind die Vorboten der F\u00e4higkeiten, die in uns liegen.&#8220;<\/em>\u00a0J.W. Goethe<\/p>\n<p>In meiner Praxis biete ich therapeutische Begleitung f\u00fcr Kinder, Jugendliche und Erwachsene an. Mittel und Methoden aus der Ergotherapie und der Figurenspieltherapie verbinde ich zu einer vielf\u00e4ltigen, ganzheitlichen Arbeitsweise.<\/p>\n<p><strong>Aktuell sind keine Neuanmeldungen m\u00f6glich<\/strong><\/p>\n","protected":false},"excerpt":{"rendered":"<p>&#8222;Unsere W\u00fcnsche sind die Vorboten der F\u00e4higkeiten, die in uns liegen.&#8220;\u00a0J.W. Goethe In meiner Praxis biete ich therapeutische Begleitung f\u00fcr Kinder, Jugendliche und Erwachsene an. Mittel und Methoden aus der Ergotherapie und der Figurenspieltherapie verbinde ich zu einer vielf\u00e4ltigen, ganzheitlichen Arbeitsweise. Aktuell sind keine Neuanmeldungen m\u00f6glich<\/p>\n","protected":false},"author":1,"featured_media":0,"parent":0,"menu_order":0,"comment_status":"closed","ping_status":"closed","template":"","meta":{"footnotes":""},"class_list":["post-2","page","type-page","status-publish","hentry"],"yoast_head":"<!-- This site is optimized with the Yoast SEO plugin v24.9 - https:\/\/yoast.com\/wordpress\/plugins\/seo\/ -->\n<title>Praxis f\u00fcr Ergotherapie und Figurenspieltherapie - Impuls<\/title>\n<meta name=\"robots\" content=\"index, follow, max-snippet:-1, max-image-preview:large, max-video-preview:-1\" \/>\n<link rel=\"canonical\" href=\"https:\/\/ergoimpuls.ch\/\" \/>\n<meta property=\"og:locale\" content=\"de_DE\" \/>\n<meta property=\"og:type\" content=\"article\" \/>\n<meta property=\"og:title\" content=\"Praxis f\u00fcr Ergotherapie und Figurenspieltherapie - Impuls\" \/>\n<meta property=\"og:description\" content=\"&#8222;Unsere W\u00fcnsche sind die Vorboten der F\u00e4higkeiten, die in uns liegen.&#8220;\u00a0J.W. Goethe In meiner Praxis biete ich therapeutische Begleitung f\u00fcr Kinder, Jugendliche und Erwachsene an. Mittel und Methoden aus der Ergotherapie und der Figurenspieltherapie verbinde ich zu einer vielf\u00e4ltigen, ganzheitlichen Arbeitsweise. Aktuell sind keine Neuanmeldungen m\u00f6glich\" \/>\n<meta property=\"og:url\" content=\"https:\/\/ergoimpuls.ch\/\" \/>\n<meta property=\"og:site_name\" content=\"Impuls\" \/>\n<meta property=\"article:modified_time\" content=\"2024-12-19T19:54:09+00:00\" \/>\n<meta name=\"twitter:card\" content=\"summary_large_image\" \/>\n<script type=\"application\/ld+json\" class=\"yoast-schema-graph\">{\"@context\":\"https:\/\/schema.org\",\"@graph\":[{\"@type\":\"WebPage\",\"@id\":\"https:\/\/ergoimpuls.ch\/\",\"url\":\"https:\/\/ergoimpuls.ch\/\",\"name\":\"Praxis f\u00fcr Ergotherapie und Figurenspieltherapie - Impuls\",\"isPartOf\":{\"@id\":\"https:\/\/ergoimpuls.ch\/#website\"},\"datePublished\":\"2015-09-21T22:45:42+00:00\",\"dateModified\":\"2024-12-19T19:54:09+00:00\",\"breadcrumb\":{\"@id\":\"https:\/\/ergoimpuls.ch\/#breadcrumb\"},\"inLanguage\":\"de\",\"potentialAction\":[{\"@type\":\"ReadAction\",\"target\":[\"https:\/\/ergoimpuls.ch\/\"]}]},{\"@type\":\"BreadcrumbList\",\"@id\":\"https:\/\/ergoimpuls.ch\/#breadcrumb\",\"itemListElement\":[{\"@type\":\"ListItem\",\"position\":1,\"name\":\"Startseite\",\"item\":\"https:\/\/ergoimpuls.ch\/\"},{\"@type\":\"ListItem\",\"position\":2,\"name\":\"Praxis f\u00fcr Ergotherapie und Figurenspieltherapie\"}]},{\"@type\":\"WebSite\",\"@id\":\"https:\/\/ergoimpuls.ch\/#website\",\"url\":\"https:\/\/ergoimpuls.ch\/\",\"name\":\"Impuls\",\"description\":\"Ergotherapie und Figurenspieltherapie\",\"potentialAction\":[{\"@type\":\"SearchAction\",\"target\":{\"@type\":\"EntryPoint\",\"urlTemplate\":\"https:\/\/ergoimpuls.ch\/?s={search_term_string}\"},\"query-input\":{\"@type\":\"PropertyValueSpecification\",\"valueRequired\":true,\"valueName\":\"search_term_string\"}}],\"inLanguage\":\"de\"}]}<\/script>\n<!-- \/ Yoast SEO plugin. -->","yoast_head_json":{"title":"Praxis f\u00fcr Ergotherapie und Figurenspieltherapie - Impuls","robots":{"index":"index","follow":"follow","max-snippet":"max-snippet:-1","max-image-preview":"max-image-preview:large","max-video-preview":"max-video-preview:-1"},"canonical":"https:\/\/ergoimpuls.ch\/","og_locale":"de_DE","og_type":"article","og_title":"Praxis f\u00fcr Ergotherapie und Figurenspieltherapie - Impuls","og_description":"&#8222;Unsere W\u00fcnsche sind die Vorboten der F\u00e4higkeiten, die in uns liegen.&#8220;\u00a0J.W. Goethe In meiner Praxis biete ich therapeutische Begleitung f\u00fcr Kinder, Jugendliche und Erwachsene an. Mittel und Methoden aus der Ergotherapie und der Figurenspieltherapie verbinde ich zu einer vielf\u00e4ltigen, ganzheitlichen Arbeitsweise. Aktuell sind keine Neuanmeldungen m\u00f6glich","og_url":"https:\/\/ergoimpuls.ch\/","og_site_name":"Impuls","article_modified_time":"2024-12-19T19:54:09+00:00","twitter_card":"summary_large_image","schema":{"@context":"https:\/\/schema.org","@graph":[{"@type":"WebPage","@id":"https:\/\/ergoimpuls.ch\/","url":"https:\/\/ergoimpuls.ch\/","name":"Praxis f\u00fcr Ergotherapie und Figurenspieltherapie - Impuls","isPartOf":{"@id":"https:\/\/ergoimpuls.ch\/#website"},"datePublished":"2015-09-21T22:45:42+00:00","dateModified":"2024-12-19T19:54:09+00:00","breadcrumb":{"@id":"https:\/\/ergoimpuls.ch\/#breadcrumb"},"inLanguage":"de","potentialAction":[{"@type":"ReadAction","target":["https:\/\/ergoimpuls.ch\/"]}]},{"@type":"BreadcrumbList","@id":"https:\/\/ergoimpuls.ch\/#breadcrumb","itemListElement":[{"@type":"ListItem","position":1,"name":"Startseite","item":"https:\/\/ergoimpuls.ch\/"},{"@type":"ListItem","position":2,"name":"Praxis f\u00fcr Ergotherapie und Figurenspieltherapie"}]},{"@type":"WebSite","@id":"https:\/\/ergoimpuls.ch\/#website","url":"https:\/\/ergoimpuls.ch\/","name":"Impuls","description":"Ergotherapie und Figurenspieltherapie","potentialAction":[{"@type":"SearchAction","target":{"@type":"EntryPoint","urlTemplate":"https:\/\/ergoimpuls.ch\/?s={search_term_string}"},"query-input":{"@type":"PropertyValueSpecification","valueRequired":true,"valueName":"search_term_string"}}],"inLanguage":"de"}]}},"_links":{"self":[{"href":"https:\/\/ergoimpuls.ch\/index.php\/wp-json\/wp\/v2\/pages\/2","targetHints":{"allow":["GET"]}}],"collection":[{"href":"https:\/\/ergoimpuls.ch\/index.php\/wp-json\/wp\/v2\/pages"}],"about":[{"href":"https:\/\/ergoimpuls.ch\/index.php\/wp-json\/wp\/v2\/types\/page"}],"author":[{"embeddable":true,"href":"https:\/\/ergoimpuls.ch\/index.php\/wp-json\/wp\/v2\/users\/1"}],"replies":[{"embeddable":true,"href":"https:\/\/ergoimpuls.ch\/index.php\/wp-json\/wp\/v2\/comments?post=2"}],"version-history":[{"count":11,"href":"https:\/\/ergoimpuls.ch\/index.php\/wp-json\/wp\/v2\/pages\/2\/revisions"}],"predecessor-version":[{"id":142,"href":"https:\/\/ergoimpuls.ch\/index.php\/wp-json\/wp\/v2\/pages\/2\/revisions\/142"}],"wp:attachment":[{"href":"https:\/\/ergoimpuls.ch\/index.php\/wp-json\/wp\/v2\/media?parent=2"}],"curies":[{"name":"wp","href":"https:\/\/api.w.org\/{rel}","templated":true}]}}