{"id":14,"date":"2015-12-04T14:05:34","date_gmt":"2015-12-04T13:05:34","guid":{"rendered":"http:\/\/ergoimpuls.ch\/?page_id=14"},"modified":"2015-12-08T23:14:13","modified_gmt":"2015-12-08T22:14:13","slug":"kinder-und-jugendliche","status":"publish","type":"page","link":"https:\/\/ergoimpuls.ch\/index.php\/kinder-und-jugendliche\/","title":{"rendered":"Kinder und Jugendliche"},"content":{"rendered":"<p><strong>Ergotherapie im kinderpsychiatrischen und p\u00e4diatrischen Bereich<\/strong><\/p>\n<p><em>&#8222;Erfahrung ist nicht das was einem zust\u00f6sst. Erfahrung ist das, was man aus dem macht was einem zust\u00f6sst.\u00bb<\/em> A. Huxley<\/p>\n<p>Als Therapeutin begebe ich mich mit dem Kind und seinem Umfeld auf eine Reise. Gemeinsam versuchen wir pers\u00f6nliche Ressourcen zu entdecken und auszubauen. Die vielf\u00e4ltige kreative Auseinandersetzung mit Schwierigkeiten soll L\u00f6sungswege erfahren lassen und so das Selbstvertrauen und die Eigenst\u00e4ndigkeit erweitern. Eine wertsch\u00e4tzende Grundhaltung und ein sicherer gesch\u00fctzter Rahmen bilden die Basis daf\u00fcr.<\/p>\n<p><strong>Indikation<\/strong><br \/>\nF\u00fcr Kinder und Jugendliche mit psychischen, physischen oder sozialen Entwicklungsauff\u00e4lligkeiten, Geburtsgebrechen, sensorischen Verarbeitungsst\u00f6rungen oder kinderpsychiatrischen Krankheitsbildern wie Belastungs- und Anpassungsst\u00f6rungen.<\/p>\n<p><strong>Verordnung durch den Arzt<\/strong><br \/>\nUm eine Kostengutsprache bei der Krankenkasse zu beantragen braucht es eine \u00e4rztliche Verordnung.\u00a0F\u00fcr eine \u00e4rztliche Verordnung sind prim\u00e4r folgende Diagnosen nach ICD \u2013 10\u00a0relevant:<br \/>\n&#8211; Bereich Entwicklungsst\u00f6rungen F82 \u2013 89<br \/>\n&#8211; Bereich Verhalten\/Emotionen F90 &#8211; 98<\/p>\n<p><strong>Ziele<\/strong><br \/>\n\u00dcbergeordnetes Ziel der Therapie ist die gr\u00f6\u00dftm\u00f6gliche Handlungskompetenz und Selbst\u00e4ndigkeit des Kindes.<\/p>\n<p><strong>Mittel<\/strong><\/p>\n<ul>\n<li>Spieltherapeutische, ausdruckszentrierte, gestalterische Elemente<\/li>\n<li>Grob-und feinmotorische \u00dcbungen<\/li>\n<li>Rollenspiele<\/li>\n<li>Sandspiel<\/li>\n<li>alltagsbezogene T\u00e4tigkeiten<\/li>\n<li>handwerkliche Projekte<\/li>\n<li>Gespr\u00e4che<\/li>\n<\/ul>\n<p><strong>Schwerpunkte<\/strong> der Behandlung sind:<\/p>\n<ul>\n<li><em>Motorik:<\/em><br \/>\n&#8211; Training von Bewegungsabl\u00e4ufen, Tonusregulation und Koordination<br \/>\n&#8211; Training von Feinmotorik und Grafomotorik<\/li>\n<li><em>Sensorik:<br \/>\n<\/em><span style=\"line-height: 1.71429; font-size: 1rem;\">&#8211; Erm\u00f6glichen von Wahrnehmung und Integration von Sinneserfahrungen<br \/>\n<\/span><span style=\"line-height: 1.71429; font-size: 1rem;\">&#8211; Unterst\u00fctzung beim Erarbeiten einer optimalen Tagesstruktur<\/span><\/li>\n<li><em>Soziale Kompetenzen:<br \/>\n<\/em><span style=\"line-height: 1.71429; font-size: 1rem;\">&#8211; Selbstvertrauen st\u00e4rken<br \/>\n<\/span><span style=\"line-height: 1.71429; font-size: 1rem;\">&#8211; Eigenmotivation aufbauen<br \/>\n<\/span><span style=\"line-height: 1.71429; font-size: 1rem;\">&#8211; Umgang mit \u00c4ngsten und Aggressionen<br \/>\n<\/span><span style=\"line-height: 1.71429; font-size: 1rem;\">&#8211; Kontaktf\u00e4higkeit und Empathie \u00fcben<br \/>\n<\/span><span style=\"line-height: 1.71429; font-size: 1rem;\">&#8211; Emotionen wahrnehmen und\u00a0zum Ausdruck bringen<br \/>\n<\/span><span style=\"line-height: 1.71429; font-size: 1rem;\">&#8211; Selbstwirksamkeit erfahren<br \/>\n<\/span><span style=\"line-height: 1.71429; font-size: 1rem;\">&#8211; Strategien zum Umgang mit Defiziten erarbeiten<\/span><\/li>\n<li><em>Kognition:<br \/>\n<\/em><span style=\"line-height: 1.71429; font-size: 1rem;\">&#8211; Training\u00a0von Ausdauer und Konzentration<\/span><\/li>\n<\/ul>\n<p><strong>Austausch<\/strong><br \/>\nBed\u00fcrfnisse von Kind, Familie und Umfeld werden laufend \u00fcberpr\u00fcft und im Austausch mit anderen Fachpersonen und der Schule in die Therapie einbezogen.<\/p>\n<p><strong>Setting<\/strong><br \/>\nDie Therapie findet alle 1-2 Wochen in der Praxis statt. Therapiesequenzen k\u00f6nnen bei Bedarf im Alltagsumfeld wie Schule, Hort oder Zuhause stattfinden.<\/p>\n","protected":false},"excerpt":{"rendered":"<p>Ergotherapie im kinderpsychiatrischen und p\u00e4diatrischen Bereich &#8222;Erfahrung ist nicht das was einem zust\u00f6sst. Erfahrung ist das, was man aus dem macht was einem zust\u00f6sst.\u00bb A. Huxley Als Therapeutin begebe ich mich mit dem Kind und seinem Umfeld auf eine Reise. Gemeinsam versuchen wir pers\u00f6nliche Ressourcen zu entdecken und auszubauen. Die vielf\u00e4ltige kreative Auseinandersetzung mit Schwierigkeiten [&hellip;]<\/p>\n","protected":false},"author":1,"featured_media":0,"parent":0,"menu_order":0,"comment_status":"closed","ping_status":"closed","template":"","meta":{"footnotes":""},"class_list":["post-14","page","type-page","status-publish","hentry"],"yoast_head":"<!-- This site is optimized with the Yoast SEO plugin v24.9 - https:\/\/yoast.com\/wordpress\/plugins\/seo\/ -->\n<title>Kinder und Jugendliche - Impuls<\/title>\n<meta name=\"robots\" content=\"index, follow, max-snippet:-1, max-image-preview:large, max-video-preview:-1\" \/>\n<link rel=\"canonical\" href=\"https:\/\/ergoimpuls.ch\/index.php\/kinder-und-jugendliche\/\" \/>\n<meta property=\"og:locale\" content=\"de_DE\" \/>\n<meta property=\"og:type\" content=\"article\" \/>\n<meta property=\"og:title\" content=\"Kinder und Jugendliche - Impuls\" \/>\n<meta property=\"og:description\" content=\"Ergotherapie im kinderpsychiatrischen und p\u00e4diatrischen Bereich &#8222;Erfahrung ist nicht das was einem zust\u00f6sst. Erfahrung ist das, was man aus dem macht was einem zust\u00f6sst.\u00bb A. Huxley Als Therapeutin begebe ich mich mit dem Kind und seinem Umfeld auf eine Reise. Gemeinsam versuchen wir pers\u00f6nliche Ressourcen zu entdecken und auszubauen. Die vielf\u00e4ltige kreative Auseinandersetzung mit Schwierigkeiten [&hellip;]\" \/>\n<meta property=\"og:url\" content=\"https:\/\/ergoimpuls.ch\/index.php\/kinder-und-jugendliche\/\" \/>\n<meta property=\"og:site_name\" content=\"Impuls\" \/>\n<meta property=\"article:modified_time\" content=\"2015-12-08T22:14:13+00:00\" \/>\n<meta name=\"twitter:card\" content=\"summary_large_image\" \/>\n<meta name=\"twitter:label1\" content=\"Gesch\u00e4tzte Lesezeit\" \/>\n\t<meta name=\"twitter:data1\" content=\"2\u00a0Minuten\" \/>\n<script type=\"application\/ld+json\" class=\"yoast-schema-graph\">{\"@context\":\"https:\/\/schema.org\",\"@graph\":[{\"@type\":\"WebPage\",\"@id\":\"https:\/\/ergoimpuls.ch\/index.php\/kinder-und-jugendliche\/\",\"url\":\"https:\/\/ergoimpuls.ch\/index.php\/kinder-und-jugendliche\/\",\"name\":\"Kinder und Jugendliche - Impuls\",\"isPartOf\":{\"@id\":\"https:\/\/ergoimpuls.ch\/#website\"},\"datePublished\":\"2015-12-04T13:05:34+00:00\",\"dateModified\":\"2015-12-08T22:14:13+00:00\",\"breadcrumb\":{\"@id\":\"https:\/\/ergoimpuls.ch\/index.php\/kinder-und-jugendliche\/#breadcrumb\"},\"inLanguage\":\"de\",\"potentialAction\":[{\"@type\":\"ReadAction\",\"target\":[\"https:\/\/ergoimpuls.ch\/index.php\/kinder-und-jugendliche\/\"]}]},{\"@type\":\"BreadcrumbList\",\"@id\":\"https:\/\/ergoimpuls.ch\/index.php\/kinder-und-jugendliche\/#breadcrumb\",\"itemListElement\":[{\"@type\":\"ListItem\",\"position\":1,\"name\":\"Startseite\",\"item\":\"https:\/\/ergoimpuls.ch\/\"},{\"@type\":\"ListItem\",\"position\":2,\"name\":\"Kinder und Jugendliche\"}]},{\"@type\":\"WebSite\",\"@id\":\"https:\/\/ergoimpuls.ch\/#website\",\"url\":\"https:\/\/ergoimpuls.ch\/\",\"name\":\"Impuls\",\"description\":\"Ergotherapie und Figurenspieltherapie\",\"potentialAction\":[{\"@type\":\"SearchAction\",\"target\":{\"@type\":\"EntryPoint\",\"urlTemplate\":\"https:\/\/ergoimpuls.ch\/?s={search_term_string}\"},\"query-input\":{\"@type\":\"PropertyValueSpecification\",\"valueRequired\":true,\"valueName\":\"search_term_string\"}}],\"inLanguage\":\"de\"}]}<\/script>\n<!-- \/ Yoast SEO plugin. -->","yoast_head_json":{"title":"Kinder und Jugendliche - Impuls","robots":{"index":"index","follow":"follow","max-snippet":"max-snippet:-1","max-image-preview":"max-image-preview:large","max-video-preview":"max-video-preview:-1"},"canonical":"https:\/\/ergoimpuls.ch\/index.php\/kinder-und-jugendliche\/","og_locale":"de_DE","og_type":"article","og_title":"Kinder und Jugendliche - Impuls","og_description":"Ergotherapie im kinderpsychiatrischen und p\u00e4diatrischen Bereich &#8222;Erfahrung ist nicht das was einem zust\u00f6sst. Erfahrung ist das, was man aus dem macht was einem zust\u00f6sst.\u00bb A. Huxley Als Therapeutin begebe ich mich mit dem Kind und seinem Umfeld auf eine Reise. Gemeinsam versuchen wir pers\u00f6nliche Ressourcen zu entdecken und auszubauen. Die vielf\u00e4ltige kreative Auseinandersetzung mit Schwierigkeiten [&hellip;]","og_url":"https:\/\/ergoimpuls.ch\/index.php\/kinder-und-jugendliche\/","og_site_name":"Impuls","article_modified_time":"2015-12-08T22:14:13+00:00","twitter_card":"summary_large_image","twitter_misc":{"Gesch\u00e4tzte Lesezeit":"2\u00a0Minuten"},"schema":{"@context":"https:\/\/schema.org","@graph":[{"@type":"WebPage","@id":"https:\/\/ergoimpuls.ch\/index.php\/kinder-und-jugendliche\/","url":"https:\/\/ergoimpuls.ch\/index.php\/kinder-und-jugendliche\/","name":"Kinder und Jugendliche - Impuls","isPartOf":{"@id":"https:\/\/ergoimpuls.ch\/#website"},"datePublished":"2015-12-04T13:05:34+00:00","dateModified":"2015-12-08T22:14:13+00:00","breadcrumb":{"@id":"https:\/\/ergoimpuls.ch\/index.php\/kinder-und-jugendliche\/#breadcrumb"},"inLanguage":"de","potentialAction":[{"@type":"ReadAction","target":["https:\/\/ergoimpuls.ch\/index.php\/kinder-und-jugendliche\/"]}]},{"@type":"BreadcrumbList","@id":"https:\/\/ergoimpuls.ch\/index.php\/kinder-und-jugendliche\/#breadcrumb","itemListElement":[{"@type":"ListItem","position":1,"name":"Startseite","item":"https:\/\/ergoimpuls.ch\/"},{"@type":"ListItem","position":2,"name":"Kinder und Jugendliche"}]},{"@type":"WebSite","@id":"https:\/\/ergoimpuls.ch\/#website","url":"https:\/\/ergoimpuls.ch\/","name":"Impuls","description":"Ergotherapie und Figurenspieltherapie","potentialAction":[{"@type":"SearchAction","target":{"@type":"EntryPoint","urlTemplate":"https:\/\/ergoimpuls.ch\/?s={search_term_string}"},"query-input":{"@type":"PropertyValueSpecification","valueRequired":true,"valueName":"search_term_string"}}],"inLanguage":"de"}]}},"_links":{"self":[{"href":"https:\/\/ergoimpuls.ch\/index.php\/wp-json\/wp\/v2\/pages\/14","targetHints":{"allow":["GET"]}}],"collection":[{"href":"https:\/\/ergoimpuls.ch\/index.php\/wp-json\/wp\/v2\/pages"}],"about":[{"href":"https:\/\/ergoimpuls.ch\/index.php\/wp-json\/wp\/v2\/types\/page"}],"author":[{"embeddable":true,"href":"https:\/\/ergoimpuls.ch\/index.php\/wp-json\/wp\/v2\/users\/1"}],"replies":[{"embeddable":true,"href":"https:\/\/ergoimpuls.ch\/index.php\/wp-json\/wp\/v2\/comments?post=14"}],"version-history":[{"count":15,"href":"https:\/\/ergoimpuls.ch\/index.php\/wp-json\/wp\/v2\/pages\/14\/revisions"}],"predecessor-version":[{"id":110,"href":"https:\/\/ergoimpuls.ch\/index.php\/wp-json\/wp\/v2\/pages\/14\/revisions\/110"}],"wp:attachment":[{"href":"https:\/\/ergoimpuls.ch\/index.php\/wp-json\/wp\/v2\/media?parent=14"}],"curies":[{"name":"wp","href":"https:\/\/api.w.org\/{rel}","templated":true}]}}